{"id":1393,"date":"2019-02-27T11:53:44","date_gmt":"2019-02-27T11:53:44","guid":{"rendered":"https:\/\/stari.plantaze.com\/product\/crnogorski-krstac\/"},"modified":"2023-11-21T15:04:06","modified_gmt":"2023-11-21T15:04:06","slug":"crnogorski-krstac","status":"publish","type":"product","link":"https:\/\/stari.plantaze.com\/en\/product\/crnogorski-krstac\/","title":{"rendered":"Montenegrin Krsta\u010d"},"content":{"rendered":"<p>Wine of light golden color with green reflection. It is characteristic by its fruity aroma, reminiscent of ripe peaches and pears. It was named after the eponymous native white variety Krsta\u010d, which has grown in the vineyards of Podgorica from ancient times. This variety has a specific berry size and form which resembles a cross, after which it got its name.<\/p>\n<p>Light, fresh with mineral tones and very pleasant, invigorating acid.<\/p>\n<hr \/>\n<h3><strong>Food pairing<\/strong><\/h3>\n<p>Fish and seafood appetizers, light chowders, saltwater and freshwater fish, less spiced chicken, soft, white cheese. Well-chilled it is ideal aperitif.<\/p>\n<hr \/>\n<h2><strong>Technical characteristic<\/strong><\/h2>\n<h3><strong>Harvest<\/strong><\/h3>\n<p>The vintage of 2017 was perhaps one of the best in the company&#8217;s history. Climatic conditions were very favorable for the smooth achievement of full technological ripeness of grapes. Because of high temperatures that followed, there was slight drying of berries and the concentration of its ingredients.<\/p>\n<h3><strong>Vineyard <\/strong><\/h3>\n<table>\n<tbody>\n<tr>\n<td>VITICULTURAL AREA<\/td>\n<td>Valley of Lake Skadar, Podgorica\u2019s viticultural area<\/td>\n<\/tr>\n<tr>\n<td>LOCATION<\/td>\n<td>\u0106emovsko polje; microlocalities: Nikolj Crkva, \u0160ip\u010danik new plantations, Tuzi, Dino\u0161, Cijevna bunar 7.<\/td>\n<\/tr>\n<tr>\n<td>EXPOSITION<\/td>\n<td>north-south and southeast-northwest<\/td>\n<\/tr>\n<tr>\n<td>SOIL<\/td>\n<td>skeletal with more than 2.500 hours of sunshine annually<\/td>\n<\/tr>\n<tr>\n<td>PLANTING DENSITY<\/td>\n<td>Nikolj crkva and \u0160ip\u010danik new plantations 2.60\u00d70.70 m; Dino\u0161 and Cijevna Bunar 7, 2.60\u00d70.90 m; Tuzi 2.60\u00d71.00 m<\/td>\n<\/tr>\n<tr>\n<td>CULTIVATION<\/td>\n<td>unilateral Guyot &#8211; Nikolj crkva and \u0160ip\u010danik new plantations\u00a0 2.60\u00d70.70 m; Dino\u0161 and Cijevna Bunar 7, 2.60\u00d70.90 m; Tuzi 2.60\u00d71.00 m crkva and \u0160ip\u010danik new plantations\u00a0 and bilateral Guyot\u00a0 &#8211; Tuzi, Dino\u0161 and Cijevna bunar 7<\/td>\n<\/tr>\n<tr>\n<td>AVERAGE AGE OF GRAPEVINE<\/td>\n<td>from 5 to 37 years<\/td>\n<\/tr>\n<\/tbody>\n<\/table>\n<h3><strong>Technical information<\/strong><\/h3>\n<table>\n<tbody>\n<tr>\n<td>GRAPE VARIETY<\/td>\n<td>Krsta\u010d<\/td>\n<\/tr>\n<tr>\n<td>YIELD<\/td>\n<td>8.5\u201310 t\/ha<\/td>\n<\/tr>\n<tr>\n<td>HARVEST TIME<\/td>\n<td>first half of September, harvesting method: mechanically<\/td>\n<\/tr>\n<tr>\n<td>VINIFICATION<\/td>\n<td>fermentation in the inox tanks<\/td>\n<\/tr>\n<tr>\n<td>TEMPERATURE OF FERMENTATION<\/td>\n<td>up to 18 \u00b0C<\/td>\n<\/tr>\n<tr>\n<td>DURATION OF FERMENTATION<\/td>\n<td>10\u201320 days<\/td>\n<\/tr>\n<tr>\n<td>MALOLACTIC FERMENTATION<\/td>\n<td>No<\/td>\n<\/tr>\n<tr>\n<td>AGING<\/td>\n<td>in inox tanks, the wine ages on fine lees, becoming enriched with mannoproteins and polysaccharides, contributing to the fullness of the taste.<\/td>\n<\/tr>\n<tr>\n<td>DURATION OF AGING<\/td>\n<td>8\u201310 months in inox tanks.<\/td>\n<\/tr>\n<tr>\n<td>CHEMICAL ANALYSIS<\/td>\n<td>alcohol\u201312.50 %vol, pH\u20133.23, total acids\u20135.55 g\/l;<\/td>\n<\/tr>\n<\/tbody>\n<\/table>\n","protected":false},"excerpt":{"rendered":"<p>Wine of light golden color with green reflection.<br \/>\nIt was named after the eponymous native white variety Krsta\u010d, which has grown in the vineyards of Podgorica from ancient times. This variety has a specific berry size and form which resembles a cross, after which it got its name.<\/p>\n","protected":false},"featured_media":9744,"template":"","meta":[],"product_brand":[],"product_cat":[89],"product_tag":[],"class_list":{"0":"post-1393","1":"product","2":"type-product","3":"status-publish","4":"has-post-thumbnail","6":"product_cat-classic-series","8":"first","9":"instock","10":"shipping-taxable","11":"product-type-simple"},"_links":{"self":[{"href":"https:\/\/stari.plantaze.com\/en\/wp-json\/wp\/v2\/product\/1393","targetHints":{"allow":["GET"]}}],"collection":[{"href":"https:\/\/stari.plantaze.com\/en\/wp-json\/wp\/v2\/product"}],"about":[{"href":"https:\/\/stari.plantaze.com\/en\/wp-json\/wp\/v2\/types\/product"}],"wp:featuredmedia":[{"embeddable":true,"href":"https:\/\/stari.plantaze.com\/en\/wp-json\/wp\/v2\/media\/9744"}],"wp:attachment":[{"href":"https:\/\/stari.plantaze.com\/en\/wp-json\/wp\/v2\/media?parent=1393"}],"wp:term":[{"taxonomy":"product_brand","embeddable":true,"href":"https:\/\/stari.plantaze.com\/en\/wp-json\/wp\/v2\/product_brand?post=1393"},{"taxonomy":"product_cat","embeddable":true,"href":"https:\/\/stari.plantaze.com\/en\/wp-json\/wp\/v2\/product_cat?post=1393"},{"taxonomy":"product_tag","embeddable":true,"href":"https:\/\/stari.plantaze.com\/en\/wp-json\/wp\/v2\/product_tag?post=1393"}],"curies":[{"name":"wp","href":"https:\/\/api.w.org\/{rel}","templated":true}]}}