{"id":1596,"date":"2019-03-14T11:31:09","date_gmt":"2019-03-14T11:31:09","guid":{"rendered":"https:\/\/stari.plantaze.com\/product\/rose\/"},"modified":"2023-11-21T15:01:34","modified_gmt":"2023-11-21T15:01:34","slug":"rose","status":"publish","type":"product","link":"https:\/\/stari.plantaze.com\/en\/product\/rose\/","title":{"rendered":"Montenegrin Rose"},"content":{"rendered":"<p><span lang=\"sr\">The wine has a light pink shade with crystalline limpidity. Intense scent of raspberry, currant and wild rose. Vibrant, elegant dry wine, soft and harmonious taste. Acids are mild, fruity and leave a pleasant freshness. It has a long aftertaste of raspberries.<\/span><span><\/span><\/p>\n<hr \/>\n<h3>Serving<\/h3>\n<p>Temperatura:\u00a0<span lang=\"sr-Latn-BA\">7-10<\/span><span lang=\"sr-Latn-BA\">\u02daC<\/span><\/p>\n<p>Glass: M<span>edium-sized glass with a slight tulip shape<\/span><\/p>\n<hr \/>\n<h3>Food pairing<\/h3>\n<table>\n<tbody>\n<tr>\n<td width=\"357\">Rose makes an ideal aperitif, but it also tastes great with light summers salads, fish pates, dried meat. It goes really well with grilled dishes.<\/td>\n<\/tr>\n<\/tbody>\n<\/table>\n<hr \/>\n<h3>Harvest<\/h3>\n<p><span lang=\"sr\">Due to extremely high temperatures and low precipitation during the ripening process, unusual even for \u0106emovsko polje, technological maturity of grapes was accelerated. Because of climate conditions, mild dehydration of grapes happened, especially to those with thinner epidermis. Grape dehydration came after the full\u00a0<\/span>phase of phenolic ripeness occurred. This led to a high concentration of the chemical composition of berries, therefore, the quality of grapes increased and we had one of the best vintages.<\/p>\n<h3>Technical information<\/h3>\n<h4><b><span lang=\"sr\">Vineyard <\/span><\/b><span><\/span><\/h4>\n<table>\n<tbody>\n<tr>\n<td><span lang=\"sr\">Viticultural area<\/span><span lang=\"sr\">: <\/span><span><\/span><\/td>\n<td><span lang=\"sr\">Valley of Lake Skadar, Podgorica\u2019s viticultural area<\/span><span><\/span><\/td>\n<\/tr>\n<tr>\n<td>LOCATION<\/td>\n<td>\u0106emovsko polje,\u00a0<span lang=\"sr\">microlocalities: Airport and \u0160ip\u010danik old and new plantations<\/span><\/td>\n<\/tr>\n<tr>\n<td>EXPOSITION<\/td>\n<td>North-South<\/td>\n<\/tr>\n<tr>\n<td>SOIL<\/td>\n<td>shallow, skeletal<\/td>\n<\/tr>\n<tr>\n<td><span lang=\"sr\">PLANTING DENSITY<\/span><span><\/span><\/td>\n<td>\u0160ip\u010danik old plantations 2.60\u00d71 m, \u0160ip\u010danik new plantations 2.60&#215;0.70 m, Airport 2.80\u00d70.90 m<\/td>\n<\/tr>\n<tr>\n<td><span lang=\"sr\">CULTIVATION<\/span><span><\/span><\/td>\n<td>bilateral horizontal cordon for Vranac, unilateral Guyot for Cabernet and Grenache<\/td>\n<\/tr>\n<tr>\n<td><span lang=\"sr\">AVAREGE AGE OF GRAPEVINES<br \/>\n<\/span><span><\/span><\/td>\n<td><span lang=\"sr\">from 5 to 17 years<\/span><span><\/span><\/td>\n<\/tr>\n<\/tbody>\n<\/table>\n<h4>Technical information<\/h4>\n<table>\n<tbody>\n<tr>\n<td>GRAPE VARIETY<\/td>\n<td>Vranac, Cabernet Sauvignon, Grenache<\/td>\n<\/tr>\n<tr>\n<td>YIELD<\/td>\n<td>8.5\u201310 t\/ha<\/td>\n<\/tr>\n<tr>\n<td>HARVEST TIME<\/td>\n<td>second half of August and first half of September<\/td>\n<\/tr>\n<tr>\n<td>NA\u010cIN BERBE<\/td>\n<td>manually<\/td>\n<\/tr>\n<tr>\n<td>VINIFICATION<\/td>\n<td><span lang=\"sr\">fermentation in inox tanks<\/span><span><\/span><\/td>\n<\/tr>\n<tr>\n<td><span lang=\"sr\">TEMPERATURE \u00a0OF FERMENTATION<\/span><span><\/span><\/td>\n<td>up to 17 \u00b0C<\/td>\n<\/tr>\n<tr>\n<td>DURATION OF FERMENTATION<\/td>\n<td>10-20 days<\/td>\n<\/tr>\n<tr>\n<td>DURATION OF MACERACION<\/td>\n<td>maceration in the press 2 to 4 hours for Grenache and Cabernet Sauvignon and for Vranac \u2013 taking out the liquid part immediately upon the crushing<\/td>\n<\/tr>\n<tr>\n<td>MALOLACTIC FERMENTATION<\/td>\n<td>No<\/td>\n<\/tr>\n<tr>\n<td>AGING<\/td>\n<td>in inox tanks on fine lees. In this way wine is enriched with mannoproteins and polysaccharides, contributing to the fullness of taste.<\/td>\n<\/tr>\n<tr>\n<td>DURATION OF AGING<\/td>\n<td><span lang=\"sr\">8-10 months in inox tanks<\/span><span><\/span><\/td>\n<\/tr>\n<tr>\n<td>CHENICAL ANALYSIS<\/td>\n<td>alkohol\u201313.0 %vol, pH\u20133.09, total acids\u20136.75g\/l<\/td>\n<\/tr>\n<\/tbody>\n<\/table>\n","protected":false},"excerpt":{"rendered":"<p><span lang=\"sr\">The wine has a light pink shade with crystalline limpidity. Intense scent of raspberry, currant and wild rose. Vibrant, elegant dry wine, soft and harmonious taste.<\/span><\/p>\n","protected":false},"featured_media":9750,"template":"","meta":[],"product_brand":[],"product_cat":[89],"product_tag":[],"class_list":{"0":"post-1596","1":"product","2":"type-product","3":"status-publish","4":"has-post-thumbnail","6":"product_cat-classic-series","8":"first","9":"instock","10":"shipping-taxable","11":"product-type-simple"},"_links":{"self":[{"href":"https:\/\/stari.plantaze.com\/en\/wp-json\/wp\/v2\/product\/1596","targetHints":{"allow":["GET"]}}],"collection":[{"href":"https:\/\/stari.plantaze.com\/en\/wp-json\/wp\/v2\/product"}],"about":[{"href":"https:\/\/stari.plantaze.com\/en\/wp-json\/wp\/v2\/types\/product"}],"wp:featuredmedia":[{"embeddable":true,"href":"https:\/\/stari.plantaze.com\/en\/wp-json\/wp\/v2\/media\/9750"}],"wp:attachment":[{"href":"https:\/\/stari.plantaze.com\/en\/wp-json\/wp\/v2\/media?parent=1596"}],"wp:term":[{"taxonomy":"product_brand","embeddable":true,"href":"https:\/\/stari.plantaze.com\/en\/wp-json\/wp\/v2\/product_brand?post=1596"},{"taxonomy":"product_cat","embeddable":true,"href":"https:\/\/stari.plantaze.com\/en\/wp-json\/wp\/v2\/product_cat?post=1596"},{"taxonomy":"product_tag","embeddable":true,"href":"https:\/\/stari.plantaze.com\/en\/wp-json\/wp\/v2\/product_tag?post=1596"}],"curies":[{"name":"wp","href":"https:\/\/api.w.org\/{rel}","templated":true}]}}