{"id":1610,"date":"2019-03-14T11:31:48","date_gmt":"2019-03-14T11:31:48","guid":{"rendered":"https:\/\/stari.plantaze.com\/product\/stari-podrum-vranac-2011-zlatna-berba\/"},"modified":"2022-01-25T13:18:39","modified_gmt":"2022-01-25T13:18:39","slug":"stari-podrum-vranac-2011-zlatna-berba","status":"publish","type":"product","link":"https:\/\/stari.plantaze.com\/en\/product\/stari-podrum-vranac-2011-zlatna-berba\/","title":{"rendered":"Stari Podrum Vranac"},"content":{"rendered":"<p><span>Dry wine of the colour of the black, ripe cherry with purple reflection. It is specific for the intense flavours of the prunes, cherries and licorice, well balanced with the spicy notes that give it the class and complexity. Full bodied wine with soft and sweet tannins, with longlasting fruity finsish, supported by the delicate notes of vanilla and roasted coffee. Superb wine, extremely harmonious taste. <\/span><span><\/span><\/p>\n<hr \/>\n<h3>Serving<\/h3>\n<p>Temperatura: 18\u201320 \u00b0C<br \/>\nGlass: L<span lang=\"sr-Latn-BA\">arge tulip red wine glass<\/span><\/p>\n<hr \/>\n<h3>Food pairing<\/h3>\n<p><span>Perfect partner with hams and all dishes, made of the red meat, game meat and noble, sea fish. It is well matched with spicy dishes, red meat and grilled meat. We recommend it to all those who are fond of the red wines because this wine is the real wine and gastronomic pleasure to all our senses.<\/span><span><\/span><\/p>\n<hr \/>\n<h3>Awards<\/h3>\n<p><strong>2016<\/strong><\/p>\n<p>Vranac Stari Podrum Cuvee 2011, Silver medal, AWC Vienna, Austria<\/p>\n<p>Stari Podrum Vranac 2011, commended, Decanter Word Wine Awards, Great Britain<\/p>\n<hr \/>\n<h2>Technical characteristics<\/h2>\n<h3>Harvest<\/h3>\n<p>The harvest that gave the best wines and also the best harvest in the previous twenty years (2011).\u00a0Extremely favourable weather conditions in that year made possible a significantly reduced yield of the grapes and its extraordinary quality. In the<span>\u00a0 <\/span>grape ripening stage, the berries were dried on the grapevines. It contributed to exquisite concentration and richness of luscious flavours, polyphenolic and colloid substances which were transformed into wine by the state-of-the-art equipment.\u00a0Considering the selction of the grapes, manually picked from special locations of \u0107emovsko polje, it is clear why this wine shows lusciousness and opulence of the varieties themselves as well as the terroir.<\/p>\n<h3><b><span>Vineyard<\/span><\/b><span><\/span><\/h3>\n<table>\n<tbody>\n<tr>\n<td><span>VITICULTURAL AREA<\/span><span><\/span><\/td>\n<td>Podgorica subregion, Montenegrin basin of Lake Skadar<\/td>\n<\/tr>\n<tr>\n<td>LOCATION<\/td>\n<td>\u0106emovsko polje, mikrolokalitet \u0160ip\u010danik<\/td>\n<\/tr>\n<tr>\n<td>EXPOSITION<\/td>\n<td><span>south<\/span><span><\/span><\/td>\n<\/tr>\n<tr>\n<td>SOIL<\/td>\n<td>high skeletal soil , alkali reaction with huge amount of the total carbonates<\/td>\n<\/tr>\n<tr>\n<td>PLANT DENSITY<\/td>\n<td>2.6&#215;0.70 m<\/td>\n<\/tr>\n<tr>\n<td>SHOOT TRAINING<\/td>\n<td><span lang=\"FR\">bilateral cordon<\/span><span><\/span><\/td>\n<\/tr>\n<tr>\n<td>AGING<\/td>\n<td>15 years<\/td>\n<\/tr>\n<\/tbody>\n<\/table>\n<h3>Technical information<\/h3>\n<table>\n<tbody>\n<tr>\n<td>VARIETY COMPOSITION<\/td>\n<td>Vranac 100%<\/td>\n<\/tr>\n<tr>\n<td>YIELD<\/td>\n<td>4-5 t\/ha<\/td>\n<\/tr>\n<tr>\n<td>HARVEST TIME<\/td>\n<td>The end of September<\/td>\n<\/tr>\n<tr>\n<td>HARVEST<\/td>\n<td>manually<\/td>\n<\/tr>\n<tr>\n<td>VINIFICATION<\/td>\n<td><span>in the inox tank <\/span><span><\/span><\/td>\n<\/tr>\n<tr>\n<td><span>FERMATATION TEMPERATURE<\/span><span><\/span><\/td>\n<td>26-28\u00b0C<\/td>\n<\/tr>\n<tr>\n<td><span>FERMENTATION LENGTH<\/span><span><\/span><\/td>\n<td>18 days<\/td>\n<\/tr>\n<tr>\n<td><span>MACERATION LENGTH<\/span><span><\/span><\/td>\n<td>18 days<\/td>\n<\/tr>\n<tr>\n<td>MALOACTIC FERMETATION<\/td>\n<td>inoculation of the bacteria<\/td>\n<\/tr>\n<tr>\n<td>AGING<\/td>\n<td><span>French oak barriques for 2 years, oak big barrels for 1 year and then, for 1 year in the bottle <\/span><span><\/span><\/td>\n<\/tr>\n<tr>\n<td>AGING TIME<\/td>\n<td><span>4 years <\/span><span><\/span><\/td>\n<\/tr>\n<tr>\n<td><span>Chemical analysis<\/span><span><\/span><\/td>\n<td><span>alcohol\u201315 vol%, pH\u20133.50, total acids \u20135.74 g\/l<\/span><span><\/span><\/td>\n<\/tr>\n<\/tbody>\n<\/table>\n","protected":false},"excerpt":{"rendered":"<p><span>Dry wine of the colour of the black, ripe cherry with purple reflection. It is specific for the intense flavours of the prunes, cherries and licorice, well balanced with the spicy notes that give it the class and complexity. <\/span><span><\/span><\/p>\n","protected":false},"featured_media":6859,"template":"","meta":[],"product_brand":[],"product_cat":[138],"product_tag":[],"class_list":{"0":"post-1610","1":"product","2":"type-product","3":"status-publish","4":"has-post-thumbnail","6":"product_cat-selection","8":"first","9":"instock","10":"shipping-taxable","11":"product-type-simple"},"_links":{"self":[{"href":"https:\/\/stari.plantaze.com\/en\/wp-json\/wp\/v2\/product\/1610","targetHints":{"allow":["GET"]}}],"collection":[{"href":"https:\/\/stari.plantaze.com\/en\/wp-json\/wp\/v2\/product"}],"about":[{"href":"https:\/\/stari.plantaze.com\/en\/wp-json\/wp\/v2\/types\/product"}],"wp:featuredmedia":[{"embeddable":true,"href":"https:\/\/stari.plantaze.com\/en\/wp-json\/wp\/v2\/media\/6859"}],"wp:attachment":[{"href":"https:\/\/stari.plantaze.com\/en\/wp-json\/wp\/v2\/media?parent=1610"}],"wp:term":[{"taxonomy":"product_brand","embeddable":true,"href":"https:\/\/stari.plantaze.com\/en\/wp-json\/wp\/v2\/product_brand?post=1610"},{"taxonomy":"product_cat","embeddable":true,"href":"https:\/\/stari.plantaze.com\/en\/wp-json\/wp\/v2\/product_cat?post=1610"},{"taxonomy":"product_tag","embeddable":true,"href":"https:\/\/stari.plantaze.com\/en\/wp-json\/wp\/v2\/product_tag?post=1610"}],"curies":[{"name":"wp","href":"https:\/\/api.w.org\/{rel}","templated":true}]}}