{"id":667,"date":"2019-02-11T15:27:03","date_gmt":"2019-02-11T15:27:03","guid":{"rendered":"https:\/\/stari.plantaze.com\/product\/vranac-barrique\/"},"modified":"2023-11-21T16:03:56","modified_gmt":"2023-11-21T16:03:56","slug":"vranac-barrique","status":"publish","type":"product","link":"https:\/\/stari.plantaze.com\/en\/product\/vranac-barrique\/","title":{"rendered":"Vranac Barrique"},"content":{"rendered":"<p>Grapes for this wine comes from the best parcels of \u0106emovsko polje. Itwas picked in the period of full, technological ripeness with the best polyphenolic complex and high sugar content. The wine has a dark ruby red color with purple hues. It has multi-layered aromas of red fruits, black currant, blackberry, followed by chocolate, caramel and licorice notes. On taste is complex, full of fruity tones of cherry, prune, chocolate and creamy caramel. Wine is rounded, soft and aroma of toasted oak and smoke can be felt.<\/p>\n<hr \/>\n<h3>Serving<\/h3>\n<p>Temperature: \u00a018 &#8211; 20\u00b0C<br \/>\nGlass:<span>Tulip red wine glass<\/span><\/p>\n<hr \/>\n<h3><strong>Pairing with food<\/strong><\/h3>\n<table>\n<tbody>\n<tr>\n<td width=\"357\">Strong, greasy and well flavoured red meat, game meat, prosciutto and high fat cheese.<\/td>\n<\/tr>\n<\/tbody>\n<\/table>\n<p>&nbsp;<\/p>\n<hr \/>\n<h3><strong>Awards<\/strong><\/h3>\n<p><strong>2019<span>\u00a0<\/span><\/strong><\/p>\n<p>Vranac Barrique 2015, Gold medal, CWSA, Hong Kong<\/p>\n<p>Vranac Barrique 2015, Silver medal, Decanter World Wine Awards<\/p>\n<p>Vranac Barrique 2015, Silver medal, Mundus Vini<\/p>\n<p><strong>2016<\/strong><\/p>\n<p>Vranac Barrique 2012,<span>\u00a0 <\/span>Gran Gold medal, International Fair Novi Sad, Serbia<\/p>\n<p><strong>2013<\/strong><\/p>\n<p>Vranac Barrique 2008, Gold medal, Balkan International Wine Competition and Festival, Bulgaria<\/p>\n<p><span>Vranac Barrique2008, Gran gold medal, Concours Mondial de Bruxelles, Belgium<\/span><\/p>\n<p><span>Vranac Barrique 2008, Gold medal, International Wine Contest Bucharest, Bulgaria<\/span><\/p>\n<p><span>Vranac Barrique 2008, Gold medal, Mundus Vini, Germany<\/span><\/p>\n<p><span>Vranac Barrique 2008, Silver medal, Decanter Asia Wine Awards, Hong Kong<\/span><\/p>\n<p>Vranac Barrique 2008, Gold medal, AWC Vienna, Austria<\/p>\n<p><strong>2012<\/strong><\/p>\n<p>Vranac Barrique 2008, Gold medal, AWC Vienna, Austria<\/p>\n<p>Vranac Barrique 2007, Gold medal, The China Wine Awards, Hong Kong<\/p>\n<p>Vranac Barrique 2007, Bronze medal, Wine Festival San Antonio, USA<\/p>\n<p>Vranac Barrique 2008, Gold medal, AWC Vienna, Austria<\/p>\n<p>Vranac Barrique 2008, Silver medal, MONDE SELECTION, Belgium<\/p>\n<p>Vranac Barrique 2008, Gold medal, International Fair Novi Sad, Serbia<\/p>\n<p>Vranac Barrique 2008, Gold medal, Jadranski sajam Budva, Montenegro<\/p>\n<p><strong>2011<\/strong><\/p>\n<p>Vranac Barrique 2005, Grand gold medal, BeoWine Fair, Serbia<\/p>\n<p>Vranac Barrique 2005, Gold medal, International Fair Novi Sad, Serbia<\/p>\n<p>Vranac Reserve 2005, Bronze medal, Decanter, Great Britain<\/p>\n<p>Vranac Barrique 2007, Bronze medal, Decanter, Great Britain<\/p>\n<p>Vranac Barrique 2007, Gold medal, Mundus Vini, Germany<\/p>\n<p>Vranac Barrique 2007, Silver medal, China Wine Awards, China<\/p>\n<p>Vranac Barrique 2007, Gold medal, Jadranski sajam Budva, Montenegro<\/p>\n<p>Vranac Barrique 2007, Gold medal, International Fair Novi Sad, Serbia<\/p>\n<p><strong>2010<\/strong><\/p>\n<p><span>Vranac Barrique 2005, Silver medal, Les Citadelles Du Vin, France<\/span><\/p>\n<p>Vranac Barrique 2005, Gold medal, Vinagora, Hungary<\/p>\n<p><span>Vranac Barrique 2005, Silver medal, AWC Vienna, Austria<\/span><\/p>\n<p><span>Vranac Barrique 2005, Gold medal, Mundus Vini, Germany<\/span><\/p>\n<p><span>Vranac Barrique 2005, Gold medal, Vino Slovenija, Slovenia<\/span><\/p>\n<p><span>Vranac Barrique 2005, Gold medal, VINOVITA, Croatia<\/span><\/p>\n<p><span>Vranac Barrique 2005, Gold medal, Gast Mix, Croatia<\/span><\/p>\n<p>Vranac Barrique 2005, Gold medal, Jadranski sajam Budva, Montenegro<\/p>\n<h2><\/h2>\n<h2><strong>Technical characteristic<\/strong><\/h2>\n<h3><strong>Harvest<\/strong><\/h3>\n<p><span lang=\"sr\">Despite the extremely high temperatures and dry weather, the harvest of 2015 was of exceptional quality, not only for the production of red but also for white wines. The grapes were in excellent health. The harvest was carried out exclusively at night (because of the lower temperatures) in order to preserve the full aromatic potential of grapes.<\/span><\/p>\n<h3><strong>Vineyard <\/strong><\/h3>\n<table>\n<tbody>\n<tr>\n<td>VITICULTURAL AREA<\/td>\n<td><span lang=\"sr\">Valley of Lake Skadar, Podgorica\u2019s viticultural area<\/span><span><\/span><\/td>\n<\/tr>\n<tr>\n<td>LOCATION<\/td>\n<td>\u0106emovsko polje; microlocalities: \u0160ip\u010danik, Nikolj Crkva<\/td>\n<\/tr>\n<tr>\n<td>EXPOSITION<\/td>\n<td>North-South<\/td>\n<\/tr>\n<tr>\n<td>SOIL<\/td>\n<td><span lang=\"sr\">shallow, skeletal<\/span><span><\/span><\/td>\n<\/tr>\n<tr>\n<td>PLANTING DENSITY<\/td>\n<td><span lang=\"sr\">2.60 x 0.70 m\u00a0and 2.60\u00d70.90 m<span><\/span><\/span><span><\/span><\/td>\n<\/tr>\n<tr>\n<td>CULTIVATION<\/td>\n<td><span lang=\"sr\">unilateral and bilateral Guyot<\/span><span><\/span><\/td>\n<\/tr>\n<tr>\n<td><span lang=\"sr\">AVERAGE AGE OF GRAPEVINES<\/span><span><\/span><\/td>\n<td><span lang=\"sr\">from 3 to 36 years<\/span><span><\/span><\/td>\n<\/tr>\n<\/tbody>\n<\/table>\n<h3><strong>Technical information<\/strong><\/h3>\n<table>\n<tbody>\n<tr>\n<td>GRAPE VARIETY<\/td>\n<td>Vranac<\/p>\n<p><span><\/span><\/td>\n<\/tr>\n<tr>\n<td>YIELD<\/td>\n<td><span lang=\"sr\">6\u20138 t\/ha<\/span><span><\/span><\/td>\n<\/tr>\n<tr>\n<td>HARVEST TIME<\/td>\n<td><span lang=\"sr\">second half of Septembar<\/span><span><\/span><\/td>\n<\/tr>\n<tr>\n<td>HARVEST METOD<\/td>\n<td>manual<\/td>\n<\/tr>\n<tr>\n<td>VINIFICATION<\/td>\n<td><span lang=\"sr\">alchocol fermentation in the inox tanks, MLF in barrique barrels<\/span><span><\/span><\/td>\n<\/tr>\n<tr>\n<td>TEMPERATURE OF FERMENTATION<\/td>\n<td>from 25 to 27 \u00b0C<\/td>\n<\/tr>\n<tr>\n<td>DURATION OF FERMENTATION<\/td>\n<td><span lang=\"sr\">12\u201314 days<\/span><span><\/span><\/td>\n<\/tr>\n<tr>\n<td>MALOLACTIC FERMENTATION<\/td>\n<td>Inoculation of bacteria for MLF<\/td>\n<\/tr>\n<tr>\n<td>AGING<\/td>\n<td>barrique barrels for a year (80% french, 20% american oak), one year in inox tanks and a year in bottle.<\/p>\n<p><span><\/span><\/td>\n<\/tr>\n<tr>\n<td>DURATION OF AGING<\/td>\n<td>3 years<\/td>\n<\/tr>\n<tr>\n<td>CHEMICAL ANALYSIS<\/td>\n<td><span lang=\"sr\">alcohol\u201314.5 %vol, pH\u20133.56, total acids\u20136.0 g\/l<\/span><span><\/span><span><\/span><\/td>\n<\/tr>\n<\/tbody>\n<\/table>\n","protected":false},"excerpt":{"rendered":"<p>The wine has a dark ruby red color with purple hues. It has multi-layered aromas of red fruits, black currant, blackberry, followed by chocolate, caramel and licorice notes. On taste is complex, full of fruity tones of cherry, prune, chocolate and creamy caramel. Wine is rounded, soft and aroma of toasted oak and smoke can be felt.<\/p>\n","protected":false},"featured_media":9716,"template":"","meta":[],"product_brand":[],"product_cat":[63],"product_tag":[],"class_list":{"0":"post-667","1":"product","2":"type-product","3":"status-publish","4":"has-post-thumbnail","6":"product_cat-premium-en","8":"first","9":"instock","10":"shipping-taxable","11":"product-type-simple"},"_links":{"self":[{"href":"https:\/\/stari.plantaze.com\/en\/wp-json\/wp\/v2\/product\/667","targetHints":{"allow":["GET"]}}],"collection":[{"href":"https:\/\/stari.plantaze.com\/en\/wp-json\/wp\/v2\/product"}],"about":[{"href":"https:\/\/stari.plantaze.com\/en\/wp-json\/wp\/v2\/types\/product"}],"wp:featuredmedia":[{"embeddable":true,"href":"https:\/\/stari.plantaze.com\/en\/wp-json\/wp\/v2\/media\/9716"}],"wp:attachment":[{"href":"https:\/\/stari.plantaze.com\/en\/wp-json\/wp\/v2\/media?parent=667"}],"wp:term":[{"taxonomy":"product_brand","embeddable":true,"href":"https:\/\/stari.plantaze.com\/en\/wp-json\/wp\/v2\/product_brand?post=667"},{"taxonomy":"product_cat","embeddable":true,"href":"https:\/\/stari.plantaze.com\/en\/wp-json\/wp\/v2\/product_cat?post=667"},{"taxonomy":"product_tag","embeddable":true,"href":"https:\/\/stari.plantaze.com\/en\/wp-json\/wp\/v2\/product_tag?post=667"}],"curies":[{"name":"wp","href":"https:\/\/api.w.org\/{rel}","templated":true}]}}